{"id":402,"date":"2018-03-03T18:08:14","date_gmt":"2018-03-03T17:08:14","guid":{"rendered":"http:\/\/s592176381.onlinehome.fr\/boutique\/?page_id=402"},"modified":"2021-03-17T14:47:01","modified_gmt":"2021-03-17T13:47:01","slug":"conditions-generales-de-vente","status":"publish","type":"page","link":"https:\/\/www.soschatslibres.fr\/boutique\/conditions-generales-de-vente\/","title":{"rendered":"Conditions g\u00e9n\u00e9rales de vente &#8211; Cnil &#8211; Loi informatique et libert\u00e9s &#8211; R\u00e8glement g\u00e9n\u00e9ral sur la protection des donn\u00e9es"},"content":{"rendered":"<div>\n<div>\n<p><em><strong>\u00a0<\/strong><\/em><\/p>\n<ul>\n<li><em><strong>Objet<\/strong><\/em><\/li>\n<\/ul>\n<p>Les pr\u00e9sentes conditions de vente visent \u00e0 d\u00e9finir les relations contractuelles entre l\u2019association Sos Chats Libres et l\u2019acheteur et les conditions applicables \u00e0 tout achat effectu\u00e9 par le biais de la boutique en ligne \u00ab\u00a0La chat-Boutique\u00a0\u00bb que l\u2019acheteur soit professionnel ou consommateur.<\/p>\n<p>L\u2019acquisition d\u2019un bien ou d\u2019un service \u00e0 travers le pr\u00e9sent site implique une acceptation sans r\u00e9serve par l\u2019acheteur des pr\u00e9sentes conditions de vente.<\/p>\n<p>Ces conditions de vente pr\u00e9vaudront sur toutes autres conditions g\u00e9n\u00e9rales ou particuli\u00e8res non express\u00e9ment agr\u00e9\u00e9es par l\u2019association Sos Chats Libres.<\/p>\n<p>L\u2019association Sos Chats Libres se r\u00e9serve de pouvoir modifier ses conditions de vente \u00e0 tout moment. Dans ce cas, les conditions applicables seront celles en vigueur \u00e0 la date de la commande par l\u2019acheteur.<\/p>\n<ul>\n<li><em><strong>Caract\u00e9ristiques des biens et services propos\u00e9s<\/strong><\/em><\/li>\n<\/ul>\n<p>Les produits offerts sont ceux qui figurent dans le catalogue publi\u00e9 dans le site \u00ab\u00a0La chat-Boutique\u00a0\u00bb de l\u2019association Sos Chats Libres. Ces produits sont propos\u00e9s uniquement dans la limite des stocks disponibles.<\/p>\n<p>Les photographies du catalogue sont les plus fid\u00e8les possibles mais ne peuvent assurer une similitude parfaite avec le produit offert, notamment en ce qui concerne les couleurs.<\/p>\n<ul>\n<li><strong><em>Tarifs<\/em><\/strong><\/li>\n<\/ul>\n<p>Les prix figurant dans le catalogue sont des prix ttc en \u20acuro. L\u2019association Sos Chats Libres se r\u00e9serve de modifier ses prix \u00e0 tout moment, \u00e9tant toutefois entendu que le prix figurant au catalogue le jour de la commande sera le seul applicable \u00e0 l\u2019acheteur.<\/p>\n<p>Les prix indiqu\u00e9s ne comprennent pas les frais de confection de l\u2019emballage, les frais postaux et le co\u00fbt du sticker de suivi.<\/p>\n<ul>\n<li><strong><em>Commandes<\/em><\/strong><\/li>\n<\/ul>\n<p>L\u2019acheteur, qui souhaite acheter un produit doit obligatoirement\u00a0:<\/p>\n<ul>\n<li>Remplir le bon de commande en ligne \u2026<\/li>\n<li>Remplir la fiche d\u2019identification sur laquelle il indiquera toutes les coordonn\u00e9es demand\u00e9es \u2026<\/li>\n<li>Valider sa commande, uniquement apr\u00e8s l\u2019avoir v\u00e9rifi\u00e9e \u2026<\/li>\n<li>Effectuer le paiement dans les conditions pr\u00e9vues \u2026<\/li>\n<\/ul>\n<p>La validation de la commande entra\u00eene acceptation des pr\u00e9sentes conditions de vente, la reconnaissance d\u2019en avoir parfaite connaissance et la renonciation \u00e0 se pr\u00e9valoir de ses propres conditions d\u2019achat ou d\u2019autres conditions.<\/p>\n<p>L\u2019ensemble des donn\u00e9es fournies et la confirmation enregistr\u00e9e vaudront preuve de la transaction. La validation vaudra signature et acceptation des op\u00e9rations effectu\u00e9es.<\/p>\n<ul>\n<li><em><strong>Livraisons<\/strong><\/em><\/li>\n<\/ul>\n<p>Les livraisons sont faites uniquement apr\u00e8s r\u00e9ception du paiement \u00e0 l\u2019adresse indiqu\u00e9e dans le bon de commande qui ne peut \u00eatre que dans la zone g\u00e9ographique convenue.<\/p>\n<p>Les risques sont enti\u00e8rement \u00e0 la charge de l\u2019acqu\u00e9reur \u00e0 compter du moment o\u00f9 les produits ont \u00e9t\u00e9 d\u00e9pos\u00e9s aux guichets de la Poste. En cas de dommage ou de perte pendant le transport, la r\u00e9clamation motiv\u00e9e doit \u00eatre formul\u00e9e aupr\u00e8s du transporteur dans un d\u00e9lai de trois jours \u00e0 compter de la livraison.<\/p>\n<p>Cette r\u00e9clamation n\u2019engage en aucun cas la responsabilit\u00e9 de l\u2019association Sos Chats Libres et ne peut donner suite \u00e0 un quelconque d\u00e9dommagement.<\/p>\n<ul>\n<li><strong><em>Responsabilit\u00e9<\/em><\/strong><\/li>\n<\/ul>\n<p>Le vendeur, dans le processus de vente en ligne, n\u2019est tenu que par une obligation de moyens; sa responsabilit\u00e9 ne pourra \u00eatre engag\u00e9e pour un dommage r\u00e9sultant de l\u2019utilisation du r\u00e9seau Internet tel que perte de donn\u00e9es, intrusion, virus, rupture du service, ou autres probl\u00e8mes involontaires.<\/p>\n<ul>\n<li><strong><em>Propri\u00e9t\u00e9 intellectuelle<\/em><\/strong><\/li>\n<\/ul>\n<p>Tous les \u00e9l\u00e9ments du site de l\u2019association Sos Chats Libres et de sa boutique en ligne \u00ab\u00a0La chat-Boutique\u00a0\u00bb sont et restent la propri\u00e9t\u00e9 intellectuelle et exclusive de l\u2019association Sos Chats Libres.<\/p>\n<p>Personne n\u2019est autoris\u00e9 \u00e0 reproduire, exploiter, rediffuser, ou utiliser \u00e0 quelque titre que ce soit, m\u00eame partiellement, des \u00e9l\u00e9ments du site qu\u2019ils soient logiciels, visuels ou sonores sans un accord \u00e9crit expr\u00e8s des webmasters de l\u2019association Chats Libres.<\/p>\n<p>Tout lien simple ou par hypertexte est strictement interdit sans un accord \u00e9crit expr\u00e8s des webmasters de l\u2019association Sos Chats Libres.<\/p>\n<ul>\n<li><strong><em>Cnil \u2013 Loi informatique et libert\u00e9s \u2013 R\u00e8glement g\u00e9n\u00e9ral sur la protection des donn\u00e9es<\/em><\/strong><\/li>\n<\/ul>\n<p>Dans le cadre de la d\u00e9lib\u00e9ration n\u00b0 2006-130 du 09 mai 2006, les associations \u00e0 but non lucratif r\u00e9gies par la loi du 1<sup>er<\/sup> juillet 1901 font l\u2019objet d\u2019une dispense de d\u00e9claration aupr\u00e8s de la CNIL pour les traitements relatifs \u00e0 la gestion des membres, donateurs et acheteurs.<\/p>\n<p>Conform\u00e9ment \u00e0 l\u2019article 32 de la loi informatique et libert\u00e9s du 06 janvier 1978 modifi\u00e9e et au r\u00e8glement g\u00e9n\u00e9ral sur la protection des donn\u00e9es du 27 avril 2016, nous pr\u00e9cisons que toutes les informations communiqu\u00e9es par le biais des diff\u00e9rents formulaires disponibles sur notre site internet nous sont n\u00e9cessaires exclusivement pour r\u00e9pondre aux demandes et que ces donn\u00e9es personnelles qui sont conserv\u00e9es par nos soins en toute s\u00e9curit\u00e9 et confidentialit\u00e9 ne sont en aucun cas transmises \u00e0 des tiers.<\/p>\n<ul>\n<li><strong><em>Sos Chats Libres<\/em><\/strong><\/li>\n<\/ul>\n<\/div>\n<\/div>\n","protected":false},"excerpt":{"rendered":"<p>\u00a0 Objet Les pr\u00e9sentes conditions de vente visent \u00e0 d\u00e9finir les relations contractuelles entre l\u2019association Sos Chats Libres et l\u2019acheteur et les conditions applicables \u00e0 tout achat effectu\u00e9 par le biais de la boutique en ligne \u00ab\u00a0La chat-Boutique\u00a0\u00bb que l\u2019acheteur soit professionnel ou consommateur. L\u2019acquisition d\u2019un bien ou d\u2019un service \u00e0 travers le pr\u00e9sent site [&hellip;]<\/p>\n","protected":false},"author":1,"featured_media":0,"parent":0,"menu_order":0,"comment_status":"closed","ping_status":"closed","template":"","meta":{"footnotes":""},"class_list":["post-402","page","type-page","status-publish","hentry"],"_links":{"self":[{"href":"https:\/\/www.soschatslibres.fr\/boutique\/wp-json\/wp\/v2\/pages\/402","targetHints":{"allow":["GET"]}}],"collection":[{"href":"https:\/\/www.soschatslibres.fr\/boutique\/wp-json\/wp\/v2\/pages"}],"about":[{"href":"https:\/\/www.soschatslibres.fr\/boutique\/wp-json\/wp\/v2\/types\/page"}],"author":[{"embeddable":true,"href":"https:\/\/www.soschatslibres.fr\/boutique\/wp-json\/wp\/v2\/users\/1"}],"replies":[{"embeddable":true,"href":"https:\/\/www.soschatslibres.fr\/boutique\/wp-json\/wp\/v2\/comments?post=402"}],"version-history":[{"count":6,"href":"https:\/\/www.soschatslibres.fr\/boutique\/wp-json\/wp\/v2\/pages\/402\/revisions"}],"predecessor-version":[{"id":2128,"href":"https:\/\/www.soschatslibres.fr\/boutique\/wp-json\/wp\/v2\/pages\/402\/revisions\/2128"}],"wp:attachment":[{"href":"https:\/\/www.soschatslibres.fr\/boutique\/wp-json\/wp\/v2\/media?parent=402"}],"curies":[{"name":"wp","href":"https:\/\/api.w.org\/{rel}","templated":true}]}}