{"id":404,"date":"2018-03-03T18:17:03","date_gmt":"2018-03-03T17:17:03","guid":{"rendered":"http:\/\/s592176381.onlinehome.fr\/boutique\/?page_id=404"},"modified":"2018-03-03T18:17:03","modified_gmt":"2018-03-03T17:17:03","slug":"nouveaux-produits","status":"publish","type":"page","link":"https:\/\/www.soschatslibres.fr\/boutique\/nouveaux-produits\/","title":{"rendered":"Nouveaux Produits"},"content":{"rendered":"<div class=\"woocommerce columns-3 \"><ul class=\"products columns-3\">\n<li class=\"product type-product post-4370 status-publish first instock product_cat-chats-en-laine has-post-thumbnail sold-individually shipping-taxable purchasable product-type-simple\">\n\t<a href=\"https:\/\/www.soschatslibres.fr\/boutique\/produit\/chat-en-laine-memette-ch-223\/\" class=\"woocommerce-LoopProduct-link woocommerce-loop-product__link\"><img loading=\"lazy\" decoding=\"async\" width=\"324\" height=\"324\" src=\"https:\/\/www.soschatslibres.fr\/boutique\/wp-content\/uploads\/2026\/04\/MEMETTE-324x324.jpg\" class=\"attachment-woocommerce_thumbnail size-woocommerce_thumbnail\" alt=\"Chat en laine - M\u00e9mette - CH 223\" srcset=\"https:\/\/www.soschatslibres.fr\/boutique\/wp-content\/uploads\/2026\/04\/MEMETTE-324x324.jpg 324w, https:\/\/www.soschatslibres.fr\/boutique\/wp-content\/uploads\/2026\/04\/MEMETTE-150x150.jpg 150w, https:\/\/www.soschatslibres.fr\/boutique\/wp-content\/uploads\/2026\/04\/MEMETTE-100x100.jpg 100w\" sizes=\"auto, (max-width: 324px) 100vw, 324px\" \/><h2 class=\"woocommerce-loop-product__title\">Chat en laine &#8211; M\u00e9mette &#8211; CH 223<\/h2>\n\t<span class=\"price\"><span class=\"woocommerce-Price-amount amount\"><bdi>5,00<span class=\"woocommerce-Price-currencySymbol\">&euro;<\/span><\/bdi><\/span><\/span>\n<\/a><a href=\"\/boutique\/wp-json\/wp\/v2\/pages\/404?add-to-cart=4370\" aria-describedby=\"woocommerce_loop_add_to_cart_link_describedby_4370\" data-quantity=\"1\" class=\"button product_type_simple add_to_cart_button ajax_add_to_cart\" data-product_id=\"4370\" data-product_sku=\"CHAT223\" aria-label=\"Ajouter au panier\u00a0: &ldquo;Chat en laine - M\u00e9mette - CH 223&rdquo;\" rel=\"nofollow\" data-success_message=\"\u00ab\u00a0Chat en laine - M\u00e9mette - CH 223\u00a0\u00bb a \u00e9t\u00e9 ajout\u00e9 \u00e0 votre panier\" role=\"button\">Ajouter au panier<\/a>\t<span id=\"woocommerce_loop_add_to_cart_link_describedby_4370\" class=\"screen-reader-text\">\n\t\t\t<\/span>\n<\/li>\n<li class=\"product type-product post-4369 status-publish instock product_cat-chats-en-laine has-post-thumbnail sold-individually shipping-taxable purchasable product-type-simple\">\n\t<a href=\"https:\/\/www.soschatslibres.fr\/boutique\/produit\/chat-en-laine-sissi-ch-224\/\" class=\"woocommerce-LoopProduct-link woocommerce-loop-product__link\"><img loading=\"lazy\" decoding=\"async\" width=\"324\" height=\"324\" src=\"https:\/\/www.soschatslibres.fr\/boutique\/wp-content\/uploads\/2026\/04\/SISSI-324x324.jpg\" class=\"attachment-woocommerce_thumbnail size-woocommerce_thumbnail\" alt=\"Chat en laine - Sissi - CH 224\" srcset=\"https:\/\/www.soschatslibres.fr\/boutique\/wp-content\/uploads\/2026\/04\/SISSI-324x324.jpg 324w, https:\/\/www.soschatslibres.fr\/boutique\/wp-content\/uploads\/2026\/04\/SISSI-150x150.jpg 150w, https:\/\/www.soschatslibres.fr\/boutique\/wp-content\/uploads\/2026\/04\/SISSI-100x100.jpg 100w\" sizes=\"auto, (max-width: 324px) 100vw, 324px\" \/><h2 class=\"woocommerce-loop-product__title\">Chat en laine &#8211; Sissi &#8211; CH 224<\/h2>\n\t<span class=\"price\"><span class=\"woocommerce-Price-amount amount\"><bdi>5,00<span class=\"woocommerce-Price-currencySymbol\">&euro;<\/span><\/bdi><\/span><\/span>\n<\/a><a href=\"\/boutique\/wp-json\/wp\/v2\/pages\/404?add-to-cart=4369\" aria-describedby=\"woocommerce_loop_add_to_cart_link_describedby_4369\" data-quantity=\"1\" class=\"button product_type_simple add_to_cart_button ajax_add_to_cart\" data-product_id=\"4369\" data-product_sku=\"CHAT224\" aria-label=\"Ajouter au panier\u00a0: &ldquo;Chat en laine - Sissi - CH 224&rdquo;\" rel=\"nofollow\" data-success_message=\"\u00ab\u00a0Chat en laine - Sissi - CH 224\u00a0\u00bb a \u00e9t\u00e9 ajout\u00e9 \u00e0 votre panier\" role=\"button\">Ajouter au panier<\/a>\t<span id=\"woocommerce_loop_add_to_cart_link_describedby_4369\" class=\"screen-reader-text\">\n\t\t\t<\/span>\n<\/li>\n<li class=\"product type-product post-4368 status-publish last instock product_cat-chats-en-laine has-post-thumbnail sold-individually shipping-taxable purchasable product-type-simple\">\n\t<a href=\"https:\/\/www.soschatslibres.fr\/boutique\/produit\/chat-en-laine-roudoudou-ch-225\/\" class=\"woocommerce-LoopProduct-link woocommerce-loop-product__link\"><img loading=\"lazy\" decoding=\"async\" width=\"324\" height=\"324\" src=\"https:\/\/www.soschatslibres.fr\/boutique\/wp-content\/uploads\/2026\/04\/PETIT-BOUCHON-324x324.jpg\" class=\"attachment-woocommerce_thumbnail size-woocommerce_thumbnail\" alt=\"Chat en laine - Roudoudou - CH 225\" srcset=\"https:\/\/www.soschatslibres.fr\/boutique\/wp-content\/uploads\/2026\/04\/PETIT-BOUCHON-324x324.jpg 324w, https:\/\/www.soschatslibres.fr\/boutique\/wp-content\/uploads\/2026\/04\/PETIT-BOUCHON-150x150.jpg 150w, https:\/\/www.soschatslibres.fr\/boutique\/wp-content\/uploads\/2026\/04\/PETIT-BOUCHON-100x100.jpg 100w\" sizes=\"auto, (max-width: 324px) 100vw, 324px\" \/><h2 class=\"woocommerce-loop-product__title\">Chat en laine &#8211; Roudoudou &#8211; CH 225<\/h2>\n\t<span class=\"price\"><span class=\"woocommerce-Price-amount amount\"><bdi>5,00<span class=\"woocommerce-Price-currencySymbol\">&euro;<\/span><\/bdi><\/span><\/span>\n<\/a><a href=\"\/boutique\/wp-json\/wp\/v2\/pages\/404?add-to-cart=4368\" aria-describedby=\"woocommerce_loop_add_to_cart_link_describedby_4368\" data-quantity=\"1\" class=\"button product_type_simple add_to_cart_button ajax_add_to_cart\" data-product_id=\"4368\" data-product_sku=\"CHAT225\" aria-label=\"Ajouter au panier\u00a0: &ldquo;Chat en laine - Roudoudou - CH 225&rdquo;\" rel=\"nofollow\" data-success_message=\"\u00ab\u00a0Chat en laine - Roudoudou - CH 225\u00a0\u00bb a \u00e9t\u00e9 ajout\u00e9 \u00e0 votre panier\" role=\"button\">Ajouter au panier<\/a>\t<span id=\"woocommerce_loop_add_to_cart_link_describedby_4368\" class=\"screen-reader-text\">\n\t\t\t<\/span>\n<\/li>\n<li class=\"product type-product post-2663 status-publish first instock product_cat-magnets-pour-frigo product_tag-magnet-pour-frigo has-post-thumbnail sold-individually shipping-taxable purchasable product-type-simple\">\n\t<a href=\"https:\/\/www.soschatslibres.fr\/boutique\/produit\/jhabite-chez-mon-chat-mag-33\/\" class=\"woocommerce-LoopProduct-link woocommerce-loop-product__link\"><img loading=\"lazy\" decoding=\"async\" width=\"265\" height=\"265\" src=\"https:\/\/www.soschatslibres.fr\/boutique\/wp-content\/uploads\/2022\/10\/Jhabite-chez-mon-chat-V1.jpg\" class=\"attachment-woocommerce_thumbnail size-woocommerce_thumbnail\" alt=\"J&#039;habite chez mon chat ! - MAG 33\" srcset=\"https:\/\/www.soschatslibres.fr\/boutique\/wp-content\/uploads\/2022\/10\/Jhabite-chez-mon-chat-V1.jpg 265w, https:\/\/www.soschatslibres.fr\/boutique\/wp-content\/uploads\/2022\/10\/Jhabite-chez-mon-chat-V1-150x150.jpg 150w, https:\/\/www.soschatslibres.fr\/boutique\/wp-content\/uploads\/2022\/10\/Jhabite-chez-mon-chat-V1-100x100.jpg 100w\" sizes=\"auto, (max-width: 265px) 100vw, 265px\" \/><h2 class=\"woocommerce-loop-product__title\">J&rsquo;habite chez mon chat ! &#8211; MAG 33<\/h2>\n\t<span class=\"price\"><span class=\"woocommerce-Price-amount amount\"><bdi>3,50<span class=\"woocommerce-Price-currencySymbol\">&euro;<\/span><\/bdi><\/span><\/span>\n<\/a><a href=\"\/boutique\/wp-json\/wp\/v2\/pages\/404?add-to-cart=2663\" aria-describedby=\"woocommerce_loop_add_to_cart_link_describedby_2663\" data-quantity=\"1\" class=\"button product_type_simple add_to_cart_button ajax_add_to_cart\" data-product_id=\"2663\" data-product_sku=\"MAG-33\" aria-label=\"Ajouter au panier\u00a0: &ldquo;J&#039;habite chez mon chat ! - MAG 33&rdquo;\" rel=\"nofollow\" data-success_message=\"\u00ab\u00a0J&#039;habite chez mon chat ! - MAG 33\u00a0\u00bb a \u00e9t\u00e9 ajout\u00e9 \u00e0 votre panier\" role=\"button\">Ajouter au panier<\/a>\t<span id=\"woocommerce_loop_add_to_cart_link_describedby_2663\" class=\"screen-reader-text\">\n\t\t\t<\/span>\n<\/li>\n<li class=\"product type-product post-4304 status-publish instock product_cat-chats-en-laine has-post-thumbnail sold-individually shipping-taxable purchasable product-type-simple\">\n\t<a href=\"https:\/\/www.soschatslibres.fr\/boutique\/produit\/chat-en-laine-pilou-ch-203\/\" class=\"woocommerce-LoopProduct-link woocommerce-loop-product__link\"><img loading=\"lazy\" decoding=\"async\" width=\"324\" height=\"324\" src=\"https:\/\/www.soschatslibres.fr\/boutique\/wp-content\/uploads\/2026\/03\/IMG_3709-324x324.jpg\" class=\"attachment-woocommerce_thumbnail size-woocommerce_thumbnail\" alt=\"Chat en laine - Pilou - CH 203\" srcset=\"https:\/\/www.soschatslibres.fr\/boutique\/wp-content\/uploads\/2026\/03\/IMG_3709-324x324.jpg 324w, https:\/\/www.soschatslibres.fr\/boutique\/wp-content\/uploads\/2026\/03\/IMG_3709-150x150.jpg 150w, https:\/\/www.soschatslibres.fr\/boutique\/wp-content\/uploads\/2026\/03\/IMG_3709-100x100.jpg 100w\" sizes=\"auto, (max-width: 324px) 100vw, 324px\" \/><h2 class=\"woocommerce-loop-product__title\">Chat en laine &#8211; Pilou &#8211; CH 203<\/h2>\n\t<span class=\"price\"><span class=\"woocommerce-Price-amount amount\"><bdi>5,00<span class=\"woocommerce-Price-currencySymbol\">&euro;<\/span><\/bdi><\/span><\/span>\n<\/a><a href=\"\/boutique\/wp-json\/wp\/v2\/pages\/404?add-to-cart=4304\" aria-describedby=\"woocommerce_loop_add_to_cart_link_describedby_4304\" data-quantity=\"1\" class=\"button product_type_simple add_to_cart_button ajax_add_to_cart\" data-product_id=\"4304\" data-product_sku=\"CHAT203\" aria-label=\"Ajouter au panier\u00a0: &ldquo;Chat en laine - Pilou - CH 203&rdquo;\" rel=\"nofollow\" data-success_message=\"\u00ab\u00a0Chat en laine - Pilou - CH 203\u00a0\u00bb a \u00e9t\u00e9 ajout\u00e9 \u00e0 votre panier\" role=\"button\">Ajouter au panier<\/a>\t<span id=\"woocommerce_loop_add_to_cart_link_describedby_4304\" class=\"screen-reader-text\">\n\t\t\t<\/span>\n<\/li>\n<li class=\"product type-product post-2226 status-publish last instock product_cat-pochettes has-post-thumbnail sold-individually shipping-taxable purchasable product-type-simple\">\n\t<a href=\"https:\/\/www.soschatslibres.fr\/boutique\/produit\/pochette-flashy-cat-poch-03\/\" class=\"woocommerce-LoopProduct-link woocommerce-loop-product__link\"><img loading=\"lazy\" decoding=\"async\" width=\"324\" height=\"324\" src=\"https:\/\/www.soschatslibres.fr\/boutique\/wp-content\/uploads\/2021\/08\/POCH-03-Pochette-Flashy-Cat-324x324.jpg\" class=\"attachment-woocommerce_thumbnail size-woocommerce_thumbnail\" alt=\"Pochette Flashy Cat - POCH 03\" srcset=\"https:\/\/www.soschatslibres.fr\/boutique\/wp-content\/uploads\/2021\/08\/POCH-03-Pochette-Flashy-Cat-324x324.jpg 324w, https:\/\/www.soschatslibres.fr\/boutique\/wp-content\/uploads\/2021\/08\/POCH-03-Pochette-Flashy-Cat-300x300.jpg 300w, https:\/\/www.soschatslibres.fr\/boutique\/wp-content\/uploads\/2021\/08\/POCH-03-Pochette-Flashy-Cat-150x150.jpg 150w, https:\/\/www.soschatslibres.fr\/boutique\/wp-content\/uploads\/2021\/08\/POCH-03-Pochette-Flashy-Cat-768x768.jpg 768w, https:\/\/www.soschatslibres.fr\/boutique\/wp-content\/uploads\/2021\/08\/POCH-03-Pochette-Flashy-Cat-416x416.jpg 416w, https:\/\/www.soschatslibres.fr\/boutique\/wp-content\/uploads\/2021\/08\/POCH-03-Pochette-Flashy-Cat-100x100.jpg 100w, https:\/\/www.soschatslibres.fr\/boutique\/wp-content\/uploads\/2021\/08\/POCH-03-Pochette-Flashy-Cat.jpg 800w\" sizes=\"auto, (max-width: 324px) 100vw, 324px\" \/><h2 class=\"woocommerce-loop-product__title\">Pochette Flashy Cat &#8211; POCH 03<\/h2>\n\t<span class=\"price\"><span class=\"woocommerce-Price-amount amount\"><bdi>4,50<span class=\"woocommerce-Price-currencySymbol\">&euro;<\/span><\/bdi><\/span><\/span>\n<\/a><a href=\"\/boutique\/wp-json\/wp\/v2\/pages\/404?add-to-cart=2226\" aria-describedby=\"woocommerce_loop_add_to_cart_link_describedby_2226\" data-quantity=\"1\" class=\"button product_type_simple add_to_cart_button ajax_add_to_cart\" data-product_id=\"2226\" data-product_sku=\"POCH-03\" aria-label=\"Ajouter au panier\u00a0: &ldquo;Pochette Flashy Cat - POCH 03&rdquo;\" rel=\"nofollow\" data-success_message=\"\u00ab\u00a0Pochette Flashy Cat - POCH 03\u00a0\u00bb a \u00e9t\u00e9 ajout\u00e9 \u00e0 votre panier\" role=\"button\">Ajouter au panier<\/a>\t<span id=\"woocommerce_loop_add_to_cart_link_describedby_2226\" class=\"screen-reader-text\">\n\t\t\t<\/span>\n<\/li>\n<li class=\"product type-product post-2304 status-publish first instock product_cat-gommettes has-post-thumbnail sold-individually shipping-taxable purchasable product-type-simple\">\n\t<a href=\"https:\/\/www.soschatslibres.fr\/boutique\/produit\/gommettes-gom-01\/\" class=\"woocommerce-LoopProduct-link woocommerce-loop-product__link\"><img loading=\"lazy\" decoding=\"async\" width=\"324\" height=\"324\" src=\"https:\/\/www.soschatslibres.fr\/boutique\/wp-content\/uploads\/2021\/05\/Gommettes-324x324.png\" class=\"attachment-woocommerce_thumbnail size-woocommerce_thumbnail\" alt=\"Gommettes - GOM 01\" srcset=\"https:\/\/www.soschatslibres.fr\/boutique\/wp-content\/uploads\/2021\/05\/Gommettes-324x324.png 324w, https:\/\/www.soschatslibres.fr\/boutique\/wp-content\/uploads\/2021\/05\/Gommettes-300x300.png 300w, https:\/\/www.soschatslibres.fr\/boutique\/wp-content\/uploads\/2021\/05\/Gommettes-150x150.png 150w, https:\/\/www.soschatslibres.fr\/boutique\/wp-content\/uploads\/2021\/05\/Gommettes-416x416.png 416w, https:\/\/www.soschatslibres.fr\/boutique\/wp-content\/uploads\/2021\/05\/Gommettes-100x100.png 100w, https:\/\/www.soschatslibres.fr\/boutique\/wp-content\/uploads\/2021\/05\/Gommettes.png 452w\" sizes=\"auto, (max-width: 324px) 100vw, 324px\" \/><h2 class=\"woocommerce-loop-product__title\">Gommettes &#8211; GOM 01<\/h2>\n\t<span class=\"price\"><span class=\"woocommerce-Price-amount amount\"><bdi>3,50<span class=\"woocommerce-Price-currencySymbol\">&euro;<\/span><\/bdi><\/span><\/span>\n<\/a><a href=\"\/boutique\/wp-json\/wp\/v2\/pages\/404?add-to-cart=2304\" aria-describedby=\"woocommerce_loop_add_to_cart_link_describedby_2304\" data-quantity=\"1\" class=\"button product_type_simple add_to_cart_button ajax_add_to_cart\" data-product_id=\"2304\" data-product_sku=\"GOM-01\" aria-label=\"Ajouter au panier\u00a0: &ldquo;Gommettes - GOM 01&rdquo;\" rel=\"nofollow\" data-success_message=\"\u00ab\u00a0Gommettes - GOM 01\u00a0\u00bb a \u00e9t\u00e9 ajout\u00e9 \u00e0 votre panier\" role=\"button\">Ajouter au panier<\/a>\t<span id=\"woocommerce_loop_add_to_cart_link_describedby_2304\" class=\"screen-reader-text\">\n\t\t\t<\/span>\n<\/li>\n<li class=\"product type-product post-3989 status-publish instock product_cat-calendriers product_tag-calendrier has-post-thumbnail shipping-taxable purchasable product-type-simple\">\n\t<a href=\"https:\/\/www.soschatslibres.fr\/boutique\/produit\/calendrier-2025-cal-2025-copie\/\" class=\"woocommerce-LoopProduct-link woocommerce-loop-product__link\"><img loading=\"lazy\" decoding=\"async\" width=\"324\" height=\"324\" src=\"https:\/\/www.soschatslibres.fr\/boutique\/wp-content\/uploads\/2025\/08\/Page-1-Cal-2026-324x324.jpg\" class=\"attachment-woocommerce_thumbnail size-woocommerce_thumbnail\" alt=\"Calendrier 2026 - CAL 2026\" srcset=\"https:\/\/www.soschatslibres.fr\/boutique\/wp-content\/uploads\/2025\/08\/Page-1-Cal-2026-324x324.jpg 324w, https:\/\/www.soschatslibres.fr\/boutique\/wp-content\/uploads\/2025\/08\/Page-1-Cal-2026-300x300.jpg 300w, https:\/\/www.soschatslibres.fr\/boutique\/wp-content\/uploads\/2025\/08\/Page-1-Cal-2026-150x150.jpg 150w, https:\/\/www.soschatslibres.fr\/boutique\/wp-content\/uploads\/2025\/08\/Page-1-Cal-2026-768x770.jpg 768w, https:\/\/www.soschatslibres.fr\/boutique\/wp-content\/uploads\/2025\/08\/Page-1-Cal-2026-416x417.jpg 416w, https:\/\/www.soschatslibres.fr\/boutique\/wp-content\/uploads\/2025\/08\/Page-1-Cal-2026-100x100.jpg 100w, https:\/\/www.soschatslibres.fr\/boutique\/wp-content\/uploads\/2025\/08\/Page-1-Cal-2026.jpg 830w\" sizes=\"auto, (max-width: 324px) 100vw, 324px\" \/><h2 class=\"woocommerce-loop-product__title\">Calendrier 2026 &#8211; CAL 2026<\/h2>\n\t<span class=\"price\"><span class=\"woocommerce-Price-amount amount\"><bdi>6,00<span class=\"woocommerce-Price-currencySymbol\">&euro;<\/span><\/bdi><\/span><\/span>\n<\/a><a href=\"\/boutique\/wp-json\/wp\/v2\/pages\/404?add-to-cart=3989\" aria-describedby=\"woocommerce_loop_add_to_cart_link_describedby_3989\" data-quantity=\"1\" class=\"button product_type_simple add_to_cart_button ajax_add_to_cart\" data-product_id=\"3989\" data-product_sku=\"CAL-2026\" aria-label=\"Ajouter au panier\u00a0: &ldquo;Calendrier 2026 - CAL 2026&rdquo;\" rel=\"nofollow\" data-success_message=\"\u00ab\u00a0Calendrier 2026 - CAL 2026\u00a0\u00bb a \u00e9t\u00e9 ajout\u00e9 \u00e0 votre panier\" role=\"button\">Ajouter au panier<\/a>\t<span id=\"woocommerce_loop_add_to_cart_link_describedby_3989\" class=\"screen-reader-text\">\n\t\t\t<\/span>\n<\/li>\n<li class=\"product type-product post-4035 status-publish last instock product_cat-sacs-pour-les-courses has-post-thumbnail sold-individually shipping-taxable purchasable product-type-simple\">\n\t<a href=\"https:\/\/www.soschatslibres.fr\/boutique\/produit\/sac-cat-power-sac-29-copie\/\" class=\"woocommerce-LoopProduct-link woocommerce-loop-product__link\"><img loading=\"lazy\" decoding=\"async\" width=\"324\" height=\"324\" src=\"https:\/\/www.soschatslibres.fr\/boutique\/wp-content\/uploads\/2025\/09\/sac-trendy-cat-power-324x324.jpg\" class=\"attachment-woocommerce_thumbnail size-woocommerce_thumbnail\" alt=\"Sac Cat Power - SAC 34\" srcset=\"https:\/\/www.soschatslibres.fr\/boutique\/wp-content\/uploads\/2025\/09\/sac-trendy-cat-power-324x324.jpg 324w, https:\/\/www.soschatslibres.fr\/boutique\/wp-content\/uploads\/2025\/09\/sac-trendy-cat-power-150x150.jpg 150w, https:\/\/www.soschatslibres.fr\/boutique\/wp-content\/uploads\/2025\/09\/sac-trendy-cat-power-100x100.jpg 100w\" sizes=\"auto, (max-width: 324px) 100vw, 324px\" \/><h2 class=\"woocommerce-loop-product__title\">Sac Cat Power &#8211; SAC 34<\/h2>\n\t<span class=\"price\"><span class=\"woocommerce-Price-amount amount\"><bdi>5,00<span class=\"woocommerce-Price-currencySymbol\">&euro;<\/span><\/bdi><\/span><\/span>\n<\/a><a href=\"\/boutique\/wp-json\/wp\/v2\/pages\/404?add-to-cart=4035\" aria-describedby=\"woocommerce_loop_add_to_cart_link_describedby_4035\" data-quantity=\"1\" class=\"button product_type_simple add_to_cart_button ajax_add_to_cart\" data-product_id=\"4035\" data-product_sku=\"SAC-34\" aria-label=\"Ajouter au panier\u00a0: &ldquo;Sac Cat Power - SAC 34&rdquo;\" rel=\"nofollow\" data-success_message=\"\u00ab\u00a0Sac Cat Power - SAC 34\u00a0\u00bb a \u00e9t\u00e9 ajout\u00e9 \u00e0 votre panier\" role=\"button\">Ajouter au panier<\/a>\t<span id=\"woocommerce_loop_add_to_cart_link_describedby_4035\" class=\"screen-reader-text\">\n\t\t\t<\/span>\n<\/li>\n<li class=\"product type-product post-4297 status-publish first instock product_cat-chats-en-laine has-post-thumbnail sold-individually shipping-taxable purchasable product-type-simple\">\n\t<a href=\"https:\/\/www.soschatslibres.fr\/boutique\/produit\/chat-en-laine-noisette-ch-210\/\" class=\"woocommerce-LoopProduct-link woocommerce-loop-product__link\"><img loading=\"lazy\" decoding=\"async\" width=\"324\" height=\"324\" src=\"https:\/\/www.soschatslibres.fr\/boutique\/wp-content\/uploads\/2026\/03\/IMG_3719-324x324.jpg\" class=\"attachment-woocommerce_thumbnail size-woocommerce_thumbnail\" alt=\"Chat en laine - Noisette - CH 210\" srcset=\"https:\/\/www.soschatslibres.fr\/boutique\/wp-content\/uploads\/2026\/03\/IMG_3719-324x324.jpg 324w, https:\/\/www.soschatslibres.fr\/boutique\/wp-content\/uploads\/2026\/03\/IMG_3719-150x150.jpg 150w, https:\/\/www.soschatslibres.fr\/boutique\/wp-content\/uploads\/2026\/03\/IMG_3719-100x100.jpg 100w\" sizes=\"auto, (max-width: 324px) 100vw, 324px\" \/><h2 class=\"woocommerce-loop-product__title\">Chat en laine &#8211; Noisette &#8211; CH 210<\/h2>\n\t<span class=\"price\"><span class=\"woocommerce-Price-amount amount\"><bdi>5,00<span class=\"woocommerce-Price-currencySymbol\">&euro;<\/span><\/bdi><\/span><\/span>\n<\/a><a href=\"\/boutique\/wp-json\/wp\/v2\/pages\/404?add-to-cart=4297\" aria-describedby=\"woocommerce_loop_add_to_cart_link_describedby_4297\" data-quantity=\"1\" class=\"button product_type_simple add_to_cart_button ajax_add_to_cart\" data-product_id=\"4297\" data-product_sku=\"CHAT210\" aria-label=\"Ajouter au panier\u00a0: &ldquo;Chat en laine - Noisette - CH 210&rdquo;\" rel=\"nofollow\" data-success_message=\"\u00ab\u00a0Chat en laine - Noisette - CH 210\u00a0\u00bb a \u00e9t\u00e9 ajout\u00e9 \u00e0 votre panier\" role=\"button\">Ajouter au panier<\/a>\t<span id=\"woocommerce_loop_add_to_cart_link_describedby_4297\" class=\"screen-reader-text\">\n\t\t\t<\/span>\n<\/li>\n<li class=\"product type-product post-2413 status-publish instock product_cat-porte-monnaie has-post-thumbnail sold-individually shipping-taxable purchasable product-type-simple\">\n\t<a href=\"https:\/\/www.soschatslibres.fr\/boutique\/produit\/porte-monnaie-chat-gris-portmo-04\/\" class=\"woocommerce-LoopProduct-link woocommerce-loop-product__link\"><img loading=\"lazy\" decoding=\"async\" width=\"228\" height=\"228\" src=\"https:\/\/www.soschatslibres.fr\/boutique\/wp-content\/uploads\/2021\/12\/Porte-monnaie-04.jpg\" class=\"attachment-woocommerce_thumbnail size-woocommerce_thumbnail\" alt=\"Porte Monnaie Chat Gris - PORTMO 04\" srcset=\"https:\/\/www.soschatslibres.fr\/boutique\/wp-content\/uploads\/2021\/12\/Porte-monnaie-04.jpg 228w, https:\/\/www.soschatslibres.fr\/boutique\/wp-content\/uploads\/2021\/12\/Porte-monnaie-04-150x150.jpg 150w, https:\/\/www.soschatslibres.fr\/boutique\/wp-content\/uploads\/2021\/12\/Porte-monnaie-04-100x100.jpg 100w\" sizes=\"auto, (max-width: 228px) 100vw, 228px\" \/><h2 class=\"woocommerce-loop-product__title\">Porte Monnaie Chat Gris &#8211; PORTMO 04<\/h2>\n\t<span class=\"price\"><span class=\"woocommerce-Price-amount amount\"><bdi>4,00<span class=\"woocommerce-Price-currencySymbol\">&euro;<\/span><\/bdi><\/span><\/span>\n<\/a><a href=\"\/boutique\/wp-json\/wp\/v2\/pages\/404?add-to-cart=2413\" aria-describedby=\"woocommerce_loop_add_to_cart_link_describedby_2413\" data-quantity=\"1\" class=\"button product_type_simple add_to_cart_button ajax_add_to_cart\" data-product_id=\"2413\" data-product_sku=\"PORTMO-04\" aria-label=\"Ajouter au panier\u00a0: &ldquo;Porte Monnaie Chat Gris - PORTMO 04&rdquo;\" rel=\"nofollow\" data-success_message=\"\u00ab\u00a0Porte Monnaie Chat Gris - PORTMO 04\u00a0\u00bb a \u00e9t\u00e9 ajout\u00e9 \u00e0 votre panier\" role=\"button\">Ajouter au panier<\/a>\t<span id=\"woocommerce_loop_add_to_cart_link_describedby_2413\" class=\"screen-reader-text\">\n\t\t\t<\/span>\n<\/li>\n<li class=\"product type-product post-4323 status-publish last instock product_cat-chats-en-laine has-post-thumbnail sold-individually shipping-taxable purchasable product-type-simple\">\n\t<a href=\"https:\/\/www.soschatslibres.fr\/boutique\/produit\/chat-en-laine-sac-a-puces-ch-218\/\" class=\"woocommerce-LoopProduct-link woocommerce-loop-product__link\"><img loading=\"lazy\" decoding=\"async\" width=\"324\" height=\"324\" src=\"https:\/\/www.soschatslibres.fr\/boutique\/wp-content\/uploads\/2026\/03\/SAC-A-PUCES-324x324.jpg\" class=\"attachment-woocommerce_thumbnail size-woocommerce_thumbnail\" alt=\"Chat en laine - Sac \u00e0 puces - CH 218\" srcset=\"https:\/\/www.soschatslibres.fr\/boutique\/wp-content\/uploads\/2026\/03\/SAC-A-PUCES-324x324.jpg 324w, https:\/\/www.soschatslibres.fr\/boutique\/wp-content\/uploads\/2026\/03\/SAC-A-PUCES-150x150.jpg 150w, https:\/\/www.soschatslibres.fr\/boutique\/wp-content\/uploads\/2026\/03\/SAC-A-PUCES-100x100.jpg 100w\" sizes=\"auto, (max-width: 324px) 100vw, 324px\" \/><h2 class=\"woocommerce-loop-product__title\">Chat en laine &#8211; Sac \u00e0 puces &#8211; CH 218<\/h2>\n\t<span class=\"price\"><span class=\"woocommerce-Price-amount amount\"><bdi>5,00<span class=\"woocommerce-Price-currencySymbol\">&euro;<\/span><\/bdi><\/span><\/span>\n<\/a><a href=\"\/boutique\/wp-json\/wp\/v2\/pages\/404?add-to-cart=4323\" aria-describedby=\"woocommerce_loop_add_to_cart_link_describedby_4323\" data-quantity=\"1\" class=\"button product_type_simple add_to_cart_button ajax_add_to_cart\" data-product_id=\"4323\" data-product_sku=\"CHAT218\" aria-label=\"Ajouter au panier\u00a0: &ldquo;Chat en laine - Sac \u00e0 puces - CH 218&rdquo;\" rel=\"nofollow\" data-success_message=\"\u00ab\u00a0Chat en laine - Sac \u00e0 puces - CH 218\u00a0\u00bb a \u00e9t\u00e9 ajout\u00e9 \u00e0 votre panier\" role=\"button\">Ajouter au panier<\/a>\t<span id=\"woocommerce_loop_add_to_cart_link_describedby_4323\" class=\"screen-reader-text\">\n\t\t\t<\/span>\n<\/li>\n<\/ul>\n<\/div>\n","protected":false},"excerpt":{"rendered":"","protected":false},"author":1,"featured_media":0,"parent":0,"menu_order":0,"comment_status":"closed","ping_status":"closed","template":"","meta":{"footnotes":""},"class_list":["post-404","page","type-page","status-publish","hentry"],"_links":{"self":[{"href":"https:\/\/www.soschatslibres.fr\/boutique\/wp-json\/wp\/v2\/pages\/404","targetHints":{"allow":["GET"]}}],"collection":[{"href":"https:\/\/www.soschatslibres.fr\/boutique\/wp-json\/wp\/v2\/pages"}],"about":[{"href":"https:\/\/www.soschatslibres.fr\/boutique\/wp-json\/wp\/v2\/types\/page"}],"author":[{"embeddable":true,"href":"https:\/\/www.soschatslibres.fr\/boutique\/wp-json\/wp\/v2\/users\/1"}],"replies":[{"embeddable":true,"href":"https:\/\/www.soschatslibres.fr\/boutique\/wp-json\/wp\/v2\/comments?post=404"}],"version-history":[{"count":1,"href":"https:\/\/www.soschatslibres.fr\/boutique\/wp-json\/wp\/v2\/pages\/404\/revisions"}],"predecessor-version":[{"id":405,"href":"https:\/\/www.soschatslibres.fr\/boutique\/wp-json\/wp\/v2\/pages\/404\/revisions\/405"}],"wp:attachment":[{"href":"https:\/\/www.soschatslibres.fr\/boutique\/wp-json\/wp\/v2\/media?parent=404"}],"curies":[{"name":"wp","href":"https:\/\/api.w.org\/{rel}","templated":true}]}}