{"id":1427,"date":"2017-03-25T08:00:26","date_gmt":"2017-03-25T07:00:26","guid":{"rendered":"https:\/\/www.soschatslibres.fr\/boutique\/?post_type=product&#038;p=1427"},"modified":"2026-03-13T18:24:50","modified_gmt":"2026-03-13T17:24:50","slug":"calendrier-2020","status":"publish","type":"product","link":"https:\/\/www.soschatslibres.fr\/boutique\/produit\/calendrier-2020\/","title":{"rendered":"Calendrier 2020 &#8211; CAL 2020"},"content":{"rendered":"<p>Calendrier superbement illustr\u00e9 par Nicole Barri\u00e8re-Jahan, artiste peintre qui tire son inspiration de la nature, de la faune, de la flore et du merveilleux. Ses sujets favoris ont \u00e9t\u00e9 pendant de nombreuses ann\u00e9es animaliers avec une grande pr\u00e9f\u00e9rence pour les f\u00e9lins.<\/p>\n<p>Apr\u00e8s une tranche de vie artistique en Bretagne et de nombreuses expositions (Galeries \u00e0 Pont-Aven, Paris, Lille, Brest, Landerneau &#8230;) elle a d\u00e9cid\u00e9 de s&rsquo;installer avec ses pinceaux et crayons dans la belle cit\u00e9 de Cordes sur Ciel dans le Tarn o\u00f9 elle peut maintenant satisfaire sa fascination pour les paysages aux lumi\u00e8res et reliefs vari\u00e9s.<\/p>\n<p>Ses oeuvres, qui vous invitent au r\u00eave, \u00e0 la ga\u00eet\u00e9, au bonheur de vivre, vous attendent \u00e0 l&rsquo;Atelier du Chat qui Bouine.<\/p>\n<p>Comportant 14 pages recto\/verso d&rsquo;un format de 21 cm x 21 cm, 13 dessins de l&rsquo;artiste, ce calendrier reste un cadeau id\u00e9al pour les passionn\u00e9s et les amoureux des chats.<\/p>\n<p>Pensez \u00e9galement \u00e0 l&rsquo;offrir autour de vous !<\/p>\n<p style=\"text-align: center;\">-:oOo:-<\/p>\n<p>Pour rappel, tous vos achats et vos dons participent au financement de nos actions en faveur des minous libres de notre association. Pensez \u00e0 eux, car ils ont besoin de nous, nous avons besoin de vous et c\u2019est surtout gr\u00e2ce \u00e0 vous si nous pouvons continuer \u2026<\/p>\n<p>De plus, il n\u2019est pas inutile de rappeler que l\u2019int\u00e9gralit\u00e9 des fonds issus des dons et des ventes de notre boutique est consacr\u00e9e exclusivement aux minous et rien qu\u2019aux minous\u00a0!<\/p>\n<p>&nbsp;<\/p>\n","protected":false},"excerpt":{"rendered":"<p>Calendrier 2020.<\/p>\n","protected":false},"featured_media":1428,"comment_status":"open","ping_status":"closed","template":"","meta":[],"product_brand":[],"product_cat":[22],"product_tag":[25],"class_list":{"0":"post-1427","1":"product","2":"type-product","3":"status-publish","4":"has-post-thumbnail","6":"product_cat-calendriers","7":"product_tag-calendrier","9":"first","10":"instock","11":"sale","12":"shipping-taxable","13":"purchasable","14":"product-type-simple"},"_links":{"self":[{"href":"https:\/\/www.soschatslibres.fr\/boutique\/wp-json\/wp\/v2\/product\/1427","targetHints":{"allow":["GET"]}}],"collection":[{"href":"https:\/\/www.soschatslibres.fr\/boutique\/wp-json\/wp\/v2\/product"}],"about":[{"href":"https:\/\/www.soschatslibres.fr\/boutique\/wp-json\/wp\/v2\/types\/product"}],"replies":[{"embeddable":true,"href":"https:\/\/www.soschatslibres.fr\/boutique\/wp-json\/wp\/v2\/comments?post=1427"}],"wp:featuredmedia":[{"embeddable":true,"href":"https:\/\/www.soschatslibres.fr\/boutique\/wp-json\/wp\/v2\/media\/1428"}],"wp:attachment":[{"href":"https:\/\/www.soschatslibres.fr\/boutique\/wp-json\/wp\/v2\/media?parent=1427"}],"wp:term":[{"taxonomy":"product_brand","embeddable":true,"href":"https:\/\/www.soschatslibres.fr\/boutique\/wp-json\/wp\/v2\/product_brand?post=1427"},{"taxonomy":"product_cat","embeddable":true,"href":"https:\/\/www.soschatslibres.fr\/boutique\/wp-json\/wp\/v2\/product_cat?post=1427"},{"taxonomy":"product_tag","embeddable":true,"href":"https:\/\/www.soschatslibres.fr\/boutique\/wp-json\/wp\/v2\/product_tag?post=1427"}],"curies":[{"name":"wp","href":"https:\/\/api.w.org\/{rel}","templated":true}]}}