{"id":2304,"date":"2025-08-09T16:00:39","date_gmt":"2025-08-09T14:00:39","guid":{"rendered":"https:\/\/www.soschatslibres.fr\/boutique\/?post_type=product&#038;p=2304"},"modified":"2026-03-10T15:40:37","modified_gmt":"2026-03-10T14:40:37","slug":"gommettes-gom-01","status":"publish","type":"product","link":"https:\/\/www.soschatslibres.fr\/boutique\/produit\/gommettes-gom-01\/","title":{"rendered":"Gommettes &#8211; GOM 01"},"content":{"rendered":"<p>Alors vous aussi vous \u00eates fan de chats et de chiens ?<\/p>\n<p>Nous avons de quoi d\u00e9velopper la cr\u00e9ativit\u00e9 de tout le monde avec ces gommettes autocollantes repositionnables sur le th\u00e8me des chats et des chiens aux couleurs vives et aux formes vari\u00e9es.<\/p>\n<p>Caract\u00e9ristiques :<\/p>\n<p>&#8211; Dimensions des planches : hauteur 26,7 cm et largeur 17 cm.<\/p>\n<p>&#8211; 225 adh\u00e9sifs r\u00e9partis sur 5 planches.<\/p>\n<p style=\"text-align: center;\">-:oOo:-<\/p>\n<p>Pour rappel, tous vos achats et vos dons participent au financement de nos actions en faveur des minous libres de notre association. Pensez \u00e0 eux, car ils ont besoin de nous, nous avons besoin de vous et c\u2019est surtout gr\u00e2ce \u00e0 vous si nous pouvons continuer \u2026<\/p>\n<p>De plus, il n\u2019est pas inutile de rappeler que l\u2019int\u00e9gralit\u00e9 des fonds issus des dons et des ventes de notre boutique est consacr\u00e9e exclusivement aux minous et rien qu\u2019aux minous\u00a0!<\/p>\n<p>Au-del\u00e0 de votre achat, vous pouvez \u00e9galement aider notre association en faisant un don (Cf rubrique : Je fais un don), car chaque geste aussi petit qu\u2019il soit permettra de contribuer au bien-\u00eatre des minous sans famille de notre association.<\/p>\n<p>De plus, 66 % de votre don sera d\u00e9ductible de vos imp\u00f4ts dans la limite de 20 % de votre revenu imposable.<\/p>\n<p>&nbsp;<\/p>\n<p>&nbsp;<\/p>\n","protected":false},"excerpt":{"rendered":"<p>Alors vous aussi vous \u00eates fan de chats et de chiens ? Nous avons de quoi d\u00e9velopper la cr\u00e9ativit\u00e9 de tout le monde avec ces gommettes autocollantes repositionnables sur le th\u00e8me des chats et des chiens aux couleurs vives et aux formes vari\u00e9es. Caract\u00e9ristiques : &#8211; Dimensions des planches : hauteur 26,7 cm et largeur [&hellip;]<\/p>\n","protected":false},"featured_media":2308,"comment_status":"open","ping_status":"closed","template":"","meta":[],"product_brand":[],"product_cat":[56],"product_tag":[],"class_list":{"0":"post-2304","1":"product","2":"type-product","3":"status-publish","4":"has-post-thumbnail","6":"product_cat-gommettes","8":"first","9":"instock","10":"sold-individually","11":"shipping-taxable","12":"purchasable","13":"product-type-simple"},"_links":{"self":[{"href":"https:\/\/www.soschatslibres.fr\/boutique\/wp-json\/wp\/v2\/product\/2304","targetHints":{"allow":["GET"]}}],"collection":[{"href":"https:\/\/www.soschatslibres.fr\/boutique\/wp-json\/wp\/v2\/product"}],"about":[{"href":"https:\/\/www.soschatslibres.fr\/boutique\/wp-json\/wp\/v2\/types\/product"}],"replies":[{"embeddable":true,"href":"https:\/\/www.soschatslibres.fr\/boutique\/wp-json\/wp\/v2\/comments?post=2304"}],"wp:featuredmedia":[{"embeddable":true,"href":"https:\/\/www.soschatslibres.fr\/boutique\/wp-json\/wp\/v2\/media\/2308"}],"wp:attachment":[{"href":"https:\/\/www.soschatslibres.fr\/boutique\/wp-json\/wp\/v2\/media?parent=2304"}],"wp:term":[{"taxonomy":"product_brand","embeddable":true,"href":"https:\/\/www.soschatslibres.fr\/boutique\/wp-json\/wp\/v2\/product_brand?post=2304"},{"taxonomy":"product_cat","embeddable":true,"href":"https:\/\/www.soschatslibres.fr\/boutique\/wp-json\/wp\/v2\/product_cat?post=2304"},{"taxonomy":"product_tag","embeddable":true,"href":"https:\/\/www.soschatslibres.fr\/boutique\/wp-json\/wp\/v2\/product_tag?post=2304"}],"curies":[{"name":"wp","href":"https:\/\/api.w.org\/{rel}","templated":true}]}}