{"id":3521,"date":"2025-02-20T12:41:31","date_gmt":"2025-02-20T11:41:31","guid":{"rendered":"https:\/\/www.soschatslibres.fr\/boutique\/?post_type=product&#038;p=3521"},"modified":"2025-11-27T11:29:58","modified_gmt":"2025-11-27T10:29:58","slug":"calendrier-2025-cal-2025","status":"publish","type":"product","link":"https:\/\/www.soschatslibres.fr\/boutique\/produit\/calendrier-2025-cal-2025\/","title":{"rendered":"Calendrier 2025 &#8211; CAL 2025"},"content":{"rendered":"<p>&nbsp;<\/p>\n<p style=\"text-align: center;\">Calendrier superbement illustr\u00e9 par Annie DARROUX artiste pastelliste animalier dont le nom d&rsquo;artiste est Annie CHATPASTEL.<\/p>\n<p style=\"text-align: center;\">-:oOo:-<\/p>\n<p style=\"text-align: center;\">Seuls les animaux naissent de ma passion du pastel sec, depuis dix ans.<br \/>\nLes chats qui me fascinent autant qu\u2019ils m\u2019apaisent sont mes muses.<br \/>\nMais pas seulement, ils font partie int\u00e9grante de ma vie, les miens et ceux \u00e0 qui je porte secours.<br \/>\nLa lutte contre la souffrance animale, est un combat que l\u2019on se doit de mener chaque jour, pour toutes<br \/>\nles esp\u00e8ces, sauvages et domestiques. J\u2019essaie de soulager la mis\u00e8re des chats des rues qui croisent<br \/>\nmon chemin. Ils seront st\u00e9rilis\u00e9s \u00e0 titre personnel ou associatif, sociabilis\u00e9s pour les moins sauvages,<br \/>\nplac\u00e9s en famille de confiance pour une nouvelle vie. Telle est ma petite pierre \u00e0 l\u2019\u00e9difice, mais chaque vie<br \/>\nsauv\u00e9e est un bonheur.<\/p>\n<p style=\"text-align: center;\">Accepter d\u2019illustrer le calendrier pour l\u2019association SOS Chats libres est pour moi une \u00e9vidence.<br \/>\nJe terminerais par cette citation de Jean MARKALE que j\u2019affectionne particuli\u00e8rement :<br \/>\n\u00ab J\u2019aime les chats, ces animaux de l\u2019ombre qui viennent se blottir pr\u00e8s du coeur et qui ronronnent des histoires que peu d\u2019humains<br \/>\ncomprennent \u00bb.<\/p>\n<p style=\"text-align: center;\">-:oOo:-<\/p>\n<p style=\"text-align: center;\">Comportant 14 pages recto\/verso d&rsquo;un format de 21 cm x 21 cm, 13 dessins de l&rsquo;artiste, ce calendrier reste un cadeau id\u00e9al pour les passionn\u00e9s et les amoureux des chats.<\/p>\n<p style=\"text-align: center;\">Pensez \u00e9galement \u00e0 l&rsquo;offrir autour de vous !<\/p>\n<p style=\"text-align: center;\">-:oOo:-<\/p>\n<p>Pour rappel, tous vos achats et vos dons participent au financement de nos actions en faveur des minous libres de notre association. Pensez \u00e0 eux, car ils ont besoin de nous, nous avons besoin de vous et c\u2019est surtout gr\u00e2ce \u00e0 vous si nous pouvons continuer \u2026<\/p>\n<p>De plus, il n\u2019est pas inutile de rappeler que l\u2019int\u00e9gralit\u00e9 des fonds issus des dons et des ventes de notre boutique est consacr\u00e9e exclusivement aux minous et rien qu\u2019aux minous\u00a0!<\/p>\n<p>Au-del\u00e0 de votre achat, vous pouvez \u00e9galement aider notre association en faisant un don (Cf rubrique : Je fais un don), car chaque geste aussi petit qu\u2019il soit permettra de contribuer au bien-\u00eatre des minous sans famille de notre association.<\/p>\n<p>De plus, 66 % de votre don sera d\u00e9ductible de vos imp\u00f4ts dans la limite de 20 % de votre revenu imposable.<\/p>\n<p>&nbsp;<\/p>\n<p>&nbsp;<\/p>\n","protected":false},"excerpt":{"rendered":"<p>Calendrier 2025.<\/p>\n","protected":false},"featured_media":3522,"comment_status":"open","ping_status":"closed","template":"","meta":[],"product_brand":[],"product_cat":[22],"product_tag":[25],"class_list":{"0":"post-3521","1":"product","2":"type-product","3":"status-publish","4":"has-post-thumbnail","6":"product_cat-calendriers","7":"product_tag-calendrier","9":"first","10":"instock","11":"sale","12":"shipping-taxable","13":"purchasable","14":"product-type-simple"},"_links":{"self":[{"href":"https:\/\/www.soschatslibres.fr\/boutique\/wp-json\/wp\/v2\/product\/3521","targetHints":{"allow":["GET"]}}],"collection":[{"href":"https:\/\/www.soschatslibres.fr\/boutique\/wp-json\/wp\/v2\/product"}],"about":[{"href":"https:\/\/www.soschatslibres.fr\/boutique\/wp-json\/wp\/v2\/types\/product"}],"replies":[{"embeddable":true,"href":"https:\/\/www.soschatslibres.fr\/boutique\/wp-json\/wp\/v2\/comments?post=3521"}],"wp:featuredmedia":[{"embeddable":true,"href":"https:\/\/www.soschatslibres.fr\/boutique\/wp-json\/wp\/v2\/media\/3522"}],"wp:attachment":[{"href":"https:\/\/www.soschatslibres.fr\/boutique\/wp-json\/wp\/v2\/media?parent=3521"}],"wp:term":[{"taxonomy":"product_brand","embeddable":true,"href":"https:\/\/www.soschatslibres.fr\/boutique\/wp-json\/wp\/v2\/product_brand?post=3521"},{"taxonomy":"product_cat","embeddable":true,"href":"https:\/\/www.soschatslibres.fr\/boutique\/wp-json\/wp\/v2\/product_cat?post=3521"},{"taxonomy":"product_tag","embeddable":true,"href":"https:\/\/www.soschatslibres.fr\/boutique\/wp-json\/wp\/v2\/product_tag?post=3521"}],"curies":[{"name":"wp","href":"https:\/\/api.w.org\/{rel}","templated":true}]}}