{"id":3723,"date":"2025-03-01T11:30:20","date_gmt":"2025-03-01T10:30:20","guid":{"rendered":"https:\/\/www.soschatslibres.fr\/boutique\/?post_type=product&#038;p=3723"},"modified":"2026-02-01T15:44:13","modified_gmt":"2026-02-01T14:44:13","slug":"pochette-miaou-miaou-poch-05","status":"publish","type":"product","link":"https:\/\/www.soschatslibres.fr\/boutique\/produit\/pochette-miaou-miaou-poch-05\/","title":{"rendered":"Pochette Miaou Miaou &#8211; POCH 05"},"content":{"rendered":"<p>Pour vos voyages une pochette en polyester avec fermeture zip et doublure int\u00e9rieure. Emball\u00e9e individuellement sous film (Dimensions 22 cm x 15 cm).<\/p>\n<p style=\"text-align: center;\">-:oOo:-<\/p>\n<p>Pour rappel, tous vos achats et vos dons participent au financement de nos actions en faveur des minous libres de notre association. Pensez \u00e0 eux, car ils ont besoin de nous, nous avons besoin de vous et c\u2019est surtout gr\u00e2ce \u00e0 vous si nous pouvons continuer \u2026<\/p>\n<p>De plus, il n\u2019est pas inutile de rappeler que l\u2019int\u00e9gralit\u00e9 des fonds issus des dons et des ventes de notre boutique est consacr\u00e9e exclusivement aux minous et rien qu\u2019aux minous\u00a0!<\/p>\n<p>Au-del\u00e0 de votre achat, vous pouvez \u00e9galement aider notre association en faisant un don (Cf rubrique : Je fais un don), car chaque geste aussi petit qu\u2019il soit permettra de contribuer au bien-\u00eatre des minous sans famille de notre association.<\/p>\n<p>De plus, 66 % de votre don sera d\u00e9ductible de vos imp\u00f4ts dans la limite de 20 % de votre revenu imposable.<\/p>\n<p>&nbsp;<\/p>\n<p>&nbsp;<\/p>\n","protected":false},"excerpt":{"rendered":"<p>Pour vos voyages une pochette en polyester avec fermeture zip et doublure int\u00e9rieure. Emball\u00e9e individuellement sous film (Dimensions 22 cm x 15 cm). -:oOo:- Pour rappel, tous vos achats et vos dons participent au financement de nos actions en faveur des minous libres de notre association. Pensez \u00e0 eux, car ils ont besoin de nous, [&hellip;]<\/p>\n","protected":false},"featured_media":3728,"comment_status":"open","ping_status":"closed","template":"","meta":[],"product_brand":[],"product_cat":[47],"product_tag":[],"class_list":{"0":"post-3723","1":"product","2":"type-product","3":"status-publish","4":"has-post-thumbnail","6":"product_cat-pochettes","8":"first","9":"instock","10":"sold-individually","11":"shipping-taxable","12":"purchasable","13":"product-type-simple"},"_links":{"self":[{"href":"https:\/\/www.soschatslibres.fr\/boutique\/wp-json\/wp\/v2\/product\/3723","targetHints":{"allow":["GET"]}}],"collection":[{"href":"https:\/\/www.soschatslibres.fr\/boutique\/wp-json\/wp\/v2\/product"}],"about":[{"href":"https:\/\/www.soschatslibres.fr\/boutique\/wp-json\/wp\/v2\/types\/product"}],"replies":[{"embeddable":true,"href":"https:\/\/www.soschatslibres.fr\/boutique\/wp-json\/wp\/v2\/comments?post=3723"}],"wp:featuredmedia":[{"embeddable":true,"href":"https:\/\/www.soschatslibres.fr\/boutique\/wp-json\/wp\/v2\/media\/3728"}],"wp:attachment":[{"href":"https:\/\/www.soschatslibres.fr\/boutique\/wp-json\/wp\/v2\/media?parent=3723"}],"wp:term":[{"taxonomy":"product_brand","embeddable":true,"href":"https:\/\/www.soschatslibres.fr\/boutique\/wp-json\/wp\/v2\/product_brand?post=3723"},{"taxonomy":"product_cat","embeddable":true,"href":"https:\/\/www.soschatslibres.fr\/boutique\/wp-json\/wp\/v2\/product_cat?post=3723"},{"taxonomy":"product_tag","embeddable":true,"href":"https:\/\/www.soschatslibres.fr\/boutique\/wp-json\/wp\/v2\/product_tag?post=3723"}],"curies":[{"name":"wp","href":"https:\/\/api.w.org\/{rel}","templated":true}]}}