{"id":390,"date":"2017-03-25T18:18:04","date_gmt":"2017-03-25T17:18:04","guid":{"rendered":"http:\/\/s592176381.onlinehome.fr\/boutique\/?post_type=product&#038;p=390"},"modified":"2025-11-16T18:10:13","modified_gmt":"2025-11-16T17:10:13","slug":"calendrier-2018","status":"publish","type":"product","link":"https:\/\/www.soschatslibres.fr\/boutique\/produit\/calendrier-2018\/","title":{"rendered":"Calendrier 2018 &#8211; CAL 2018"},"content":{"rendered":"<p>Calendrier superbement illustr\u00e9 par Fran\u00e7ois SPREUX, peintre autodidacte qui a choisit la peinture animali\u00e8re. Apr\u00e8s avoir arr\u00eat\u00e9 de peindre pendant plusieurs ann\u00e9es, Fran\u00e7ois SPREUX s&rsquo;est remis aux pinceaux avec un sujet in\u00e9puisable : Les Chats. Comportant 14 pages recto\/verso d&rsquo;un format de 22 cm x 22 cm, 13 dessins de l&rsquo;artiste, ce calendrier reste un cadeau id\u00e9al pour les passionn\u00e9s et les amoureux des chats.<\/p>\n<p style=\"text-align: center;\">-:oOo:-<\/p>\n<p>Pour rappel, tous vos achats et vos dons participent au financement de nos actions en faveur des minous libres de notre association. Pensez \u00e0 eux, car ils ont besoin de nous, nous avons besoin de vous et c\u2019est surtout gr\u00e2ce \u00e0 vous si nous pouvons continuer \u2026<\/p>\n<p>De plus, il n\u2019est pas inutile de rappeler que l\u2019int\u00e9gralit\u00e9 des fonds issus des dons et des ventes de notre boutique est consacr\u00e9e exclusivement aux minous et rien qu\u2019aux minous\u00a0!<\/p>\n<p>&nbsp;<\/p>\n","protected":false},"excerpt":{"rendered":"<p>Calendrier 2018.<\/p>\n","protected":false},"featured_media":995,"comment_status":"open","ping_status":"closed","template":"","meta":[],"product_brand":[],"product_cat":[22],"product_tag":[25],"class_list":{"0":"post-390","1":"product","2":"type-product","3":"status-publish","4":"has-post-thumbnail","6":"product_cat-calendriers","7":"product_tag-calendrier","9":"first","10":"instock","11":"sale","12":"shipping-taxable","13":"purchasable","14":"product-type-simple"},"_links":{"self":[{"href":"https:\/\/www.soschatslibres.fr\/boutique\/wp-json\/wp\/v2\/product\/390","targetHints":{"allow":["GET"]}}],"collection":[{"href":"https:\/\/www.soschatslibres.fr\/boutique\/wp-json\/wp\/v2\/product"}],"about":[{"href":"https:\/\/www.soschatslibres.fr\/boutique\/wp-json\/wp\/v2\/types\/product"}],"replies":[{"embeddable":true,"href":"https:\/\/www.soschatslibres.fr\/boutique\/wp-json\/wp\/v2\/comments?post=390"}],"wp:featuredmedia":[{"embeddable":true,"href":"https:\/\/www.soschatslibres.fr\/boutique\/wp-json\/wp\/v2\/media\/995"}],"wp:attachment":[{"href":"https:\/\/www.soschatslibres.fr\/boutique\/wp-json\/wp\/v2\/media?parent=390"}],"wp:term":[{"taxonomy":"product_brand","embeddable":true,"href":"https:\/\/www.soschatslibres.fr\/boutique\/wp-json\/wp\/v2\/product_brand?post=390"},{"taxonomy":"product_cat","embeddable":true,"href":"https:\/\/www.soschatslibres.fr\/boutique\/wp-json\/wp\/v2\/product_cat?post=390"},{"taxonomy":"product_tag","embeddable":true,"href":"https:\/\/www.soschatslibres.fr\/boutique\/wp-json\/wp\/v2\/product_tag?post=390"}],"curies":[{"name":"wp","href":"https:\/\/api.w.org\/{rel}","templated":true}]}}