{"id":3989,"date":"2025-08-06T10:47:56","date_gmt":"2025-08-06T08:47:56","guid":{"rendered":"https:\/\/www.soschatslibres.fr\/boutique\/?post_type=product&#038;p=3989"},"modified":"2026-04-30T09:18:23","modified_gmt":"2026-04-30T07:18:23","slug":"calendrier-2025-cal-2025-copie","status":"publish","type":"product","link":"https:\/\/www.soschatslibres.fr\/boutique\/produit\/calendrier-2025-cal-2025-copie\/","title":{"rendered":"Calendrier 2026 &#8211; CAL 2026"},"content":{"rendered":"<h4 style=\"text-align: center;\">Calendrier superbement illustr\u00e9 par Fr\u00e9d\u00e9rique Perrenot-Pinton.<\/h4>\n<h4 style=\"text-align: center;\">Elle explore le monde animal avec passion et sensibilit\u00e9. A travers le pastel, elle donne vie \u00e0 des portraits vibrants, o\u00f9 l&rsquo;\u00e9motion affleure dans chaque regard.<\/h4>\n<h4 style=\"text-align: center;\">Son travail se distingue par une palette audacieuse : loin du r\u00e9alisme pur, elle choisit des couleurs \u00e9clatantes, inattendues pour r\u00e9v\u00e9ler la pr\u00e9sence int\u00e9rieure de l&rsquo;animal. Turquoise, fuchsia ou violet remplacent les teintes naturelles et conf\u00e8rent \u00e0 ses oeuvres une dimension po\u00e9tique et onirique.<\/h4>\n<h4 style=\"text-align: center;\">Chaque tableau devient une rencontre silencieuse, une vibration, une \u00e2me mise en lumi\u00e8re. Son geste est libre, ma\u00eetris\u00e9, toujours au service de l&rsquo;\u00e9motion.<\/h4>\n<h4 style=\"text-align: center;\">-:oOo:-<\/h4>\n<h4 style=\"text-align: center;\">Comportant 14 pages recto\/verso d&rsquo;un format de 21 cm x 21 cm, 13 dessins de l&rsquo;artiste, ce calendrier reste un cadeau id\u00e9al pour les passionn\u00e9s et les amoureux des chats.<\/h4>\n<h4 style=\"text-align: center;\">Pensez \u00e9galement \u00e0 l&rsquo;offrir autour de vous !<\/h4>\n<h4 style=\"text-align: center;\">-:oOo:-<\/h4>\n<h4 style=\"text-align: center;\">Pour rappel, tous vos achats et vos dons participent au financement de nos actions en faveur des minous libres de notre association. Pensez \u00e0 eux, car ils ont besoin de nous, nous avons besoin de vous et c\u2019est surtout gr\u00e2ce \u00e0 vous si nous pouvons continuer \u2026<\/h4>\n<h4 style=\"text-align: center;\">De plus, il n\u2019est pas inutile de rappeler que l\u2019int\u00e9gralit\u00e9 des fonds issus des dons et des ventes de notre boutique est consacr\u00e9e exclusivement aux minous et rien qu\u2019aux minous\u00a0!<\/h4>\n<h4 style=\"text-align: center;\">Au-del\u00e0 de votre achat, vous pouvez \u00e9galement aider notre association en faisant un don (Cf rubrique : Je fais un don), car chaque geste aussi petit qu\u2019il soit permettra de contribuer au bien-\u00eatre des minous sans famille de notre association.<\/h4>\n<h4 style=\"text-align: center;\">De plus, 66 % de votre don sera d\u00e9ductible de vos imp\u00f4ts dans la limite de 20 % de votre revenu imposable.<\/h4>\n<h4 style=\"text-align: center;\"><\/h4>\n<p style=\"text-align: center;\">\n","protected":false},"excerpt":{"rendered":"<p>Calendrier 2026.<\/p>\n","protected":false},"featured_media":3990,"comment_status":"open","ping_status":"closed","template":"","meta":[],"product_brand":[],"product_cat":[22],"product_tag":[25],"class_list":{"0":"post-3989","1":"product","2":"type-product","3":"status-publish","4":"has-post-thumbnail","6":"product_cat-calendriers","7":"product_tag-calendrier","9":"first","10":"instock","11":"sale","12":"shipping-taxable","13":"purchasable","14":"product-type-simple"},"_links":{"self":[{"href":"https:\/\/www.soschatslibres.fr\/boutique\/wp-json\/wp\/v2\/product\/3989","targetHints":{"allow":["GET"]}}],"collection":[{"href":"https:\/\/www.soschatslibres.fr\/boutique\/wp-json\/wp\/v2\/product"}],"about":[{"href":"https:\/\/www.soschatslibres.fr\/boutique\/wp-json\/wp\/v2\/types\/product"}],"replies":[{"embeddable":true,"href":"https:\/\/www.soschatslibres.fr\/boutique\/wp-json\/wp\/v2\/comments?post=3989"}],"wp:featuredmedia":[{"embeddable":true,"href":"https:\/\/www.soschatslibres.fr\/boutique\/wp-json\/wp\/v2\/media\/3990"}],"wp:attachment":[{"href":"https:\/\/www.soschatslibres.fr\/boutique\/wp-json\/wp\/v2\/media?parent=3989"}],"wp:term":[{"taxonomy":"product_brand","embeddable":true,"href":"https:\/\/www.soschatslibres.fr\/boutique\/wp-json\/wp\/v2\/product_brand?post=3989"},{"taxonomy":"product_cat","embeddable":true,"href":"https:\/\/www.soschatslibres.fr\/boutique\/wp-json\/wp\/v2\/product_cat?post=3989"},{"taxonomy":"product_tag","embeddable":true,"href":"https:\/\/www.soschatslibres.fr\/boutique\/wp-json\/wp\/v2\/product_tag?post=3989"}],"curies":[{"name":"wp","href":"https:\/\/api.w.org\/{rel}","templated":true}]}}