{"id":501,"date":"2018-03-20T22:55:45","date_gmt":"2018-03-20T21:55:45","guid":{"rendered":"https:\/\/www.soschatslibres.fr\/boutique\/produit\/saint-valentin-6\/"},"modified":"2024-10-31T10:56:47","modified_gmt":"2024-10-31T09:56:47","slug":"saint-valentin-6","status":"publish","type":"product","link":"https:\/\/www.soschatslibres.fr\/boutique\/produit\/saint-valentin-6\/","title":{"rendered":"Saint Valentin &#8211; CA 34 +"},"content":{"rendered":"<p>Lot d&rsquo;un marque-pages plastifi\u00e9 d&rsquo;environ 4,0 cm x 12,0 cm et d&rsquo;une carte double de 14,5 cm x 10,5 cm. Lot con\u00e7u et fabriqu\u00e9 artisanalement par Martine, adh\u00e9rente de l&rsquo;association.<\/p>\n<p style=\"text-align: center;\">-:oOo:-<\/p>\n<p>Pour rappel, tous vos achats et vos dons participent au financement de nos actions en faveur des minous libres de notre association. Pensez \u00e0 eux, car ils ont besoin de nous, nous avons besoin de vous et c\u2019est surtout gr\u00e2ce \u00e0 vous si nous pouvons continuer \u2026<\/p>\n<p>De plus, il n\u2019est pas inutile de rappeler que l\u2019int\u00e9gralit\u00e9 des fonds issus des dons et des ventes de notre boutique est consacr\u00e9e exclusivement aux minous et rien qu\u2019aux minous\u00a0!<\/p>\n","protected":false},"excerpt":{"rendered":"<p>Lot d&rsquo;un marque-pages plastifi\u00e9 d&rsquo;environ 4,0 cm x 12,0 cm et d&rsquo;une carte double de 14,5 cm x 10,5 cm. Lot con\u00e7u et fabriqu\u00e9 artisanalement par Martine, adh\u00e9rente de l&rsquo;association. -:oOo:- Pour rappel, tous vos achats et vos dons participent au financement de nos actions en faveur des minous libres de notre association. Pensez \u00e0 [&hellip;]<\/p>\n","protected":false},"featured_media":967,"comment_status":"open","ping_status":"closed","template":"","meta":[],"product_brand":[],"product_cat":[23],"product_tag":[31],"class_list":{"0":"post-501","1":"product","2":"type-product","3":"status-publish","4":"has-post-thumbnail","6":"product_cat-cartes-postales","7":"product_tag-carte-marque-page","9":"first","10":"instock","11":"shipping-taxable","12":"purchasable","13":"product-type-simple"},"_links":{"self":[{"href":"https:\/\/www.soschatslibres.fr\/boutique\/wp-json\/wp\/v2\/product\/501","targetHints":{"allow":["GET"]}}],"collection":[{"href":"https:\/\/www.soschatslibres.fr\/boutique\/wp-json\/wp\/v2\/product"}],"about":[{"href":"https:\/\/www.soschatslibres.fr\/boutique\/wp-json\/wp\/v2\/types\/product"}],"replies":[{"embeddable":true,"href":"https:\/\/www.soschatslibres.fr\/boutique\/wp-json\/wp\/v2\/comments?post=501"}],"wp:featuredmedia":[{"embeddable":true,"href":"https:\/\/www.soschatslibres.fr\/boutique\/wp-json\/wp\/v2\/media\/967"}],"wp:attachment":[{"href":"https:\/\/www.soschatslibres.fr\/boutique\/wp-json\/wp\/v2\/media?parent=501"}],"wp:term":[{"taxonomy":"product_brand","embeddable":true,"href":"https:\/\/www.soschatslibres.fr\/boutique\/wp-json\/wp\/v2\/product_brand?post=501"},{"taxonomy":"product_cat","embeddable":true,"href":"https:\/\/www.soschatslibres.fr\/boutique\/wp-json\/wp\/v2\/product_cat?post=501"},{"taxonomy":"product_tag","embeddable":true,"href":"https:\/\/www.soschatslibres.fr\/boutique\/wp-json\/wp\/v2\/product_tag?post=501"}],"curies":[{"name":"wp","href":"https:\/\/api.w.org\/{rel}","templated":true}]}}