{"id":613,"date":"2023-03-21T01:00:57","date_gmt":"2023-03-21T00:00:57","guid":{"rendered":"https:\/\/www.soschatslibres.fr\/boutique\/produit\/oui-oui-3\/"},"modified":"2025-10-22T21:00:34","modified_gmt":"2025-10-22T19:00:34","slug":"oui-oui-3","status":"publish","type":"product","link":"https:\/\/www.soschatslibres.fr\/boutique\/produit\/oui-oui-3\/","title":{"rendered":"Oui-Oui &#8211; MAG 21"},"content":{"rendered":"<p>Magnet \/ Aimant pour frigo de 57 mm x 57 mm con\u00e7u et r\u00e9alis\u00e9 par Corine et Patrick \u00e0 partir de photographie de minous et de minettes envoy\u00e9es par des adh\u00e9rents et des sympathisants de Sos Chats Libres.<\/p>\n<p>Attention, ce produit ne convient pas aux enfants de mois de 36 mois.<\/p>\n<p style=\"text-align: center;\">-:oOo:-<\/p>\n<p>Pour rappel, tous vos achats et vos dons participent au financement de nos actions en faveur des minous libres de notre association. Pensez \u00e0 eux, car ils ont besoin de nous, nous avons besoin de vous et c\u2019est surtout gr\u00e2ce \u00e0 vous si nous pouvons continuer \u2026<\/p>\n<p>De plus, il n\u2019est pas inutile de rappeler que l\u2019int\u00e9gralit\u00e9 des fonds issus des dons et des ventes de notre boutique est consacr\u00e9e exclusivement aux minous et rien qu\u2019aux minous\u00a0!<\/p>\n","protected":false},"excerpt":{"rendered":"<p>Magnet \/ Aimant pour frigo de 57 mm x 57 mm con\u00e7u et r\u00e9alis\u00e9 par Corine et Patrick \u00e0 partir de photographie de minous et de minettes envoy\u00e9es par des adh\u00e9rents et des sympathisants de Sos Chats Libres. Attention, ce produit ne convient pas aux enfants de mois de 36 mois. -:oOo:- Pour rappel, tous [&hellip;]<\/p>\n","protected":false},"featured_media":675,"comment_status":"open","ping_status":"closed","template":"","meta":[],"product_brand":[],"product_cat":[32],"product_tag":[33],"class_list":{"0":"post-613","1":"product","2":"type-product","3":"status-publish","4":"has-post-thumbnail","6":"product_cat-magnets-pour-frigo","7":"product_tag-magnet-pour-frigo","9":"first","10":"outofstock","11":"sold-individually","12":"shipping-taxable","13":"purchasable","14":"product-type-simple"},"_links":{"self":[{"href":"https:\/\/www.soschatslibres.fr\/boutique\/wp-json\/wp\/v2\/product\/613","targetHints":{"allow":["GET"]}}],"collection":[{"href":"https:\/\/www.soschatslibres.fr\/boutique\/wp-json\/wp\/v2\/product"}],"about":[{"href":"https:\/\/www.soschatslibres.fr\/boutique\/wp-json\/wp\/v2\/types\/product"}],"replies":[{"embeddable":true,"href":"https:\/\/www.soschatslibres.fr\/boutique\/wp-json\/wp\/v2\/comments?post=613"}],"wp:featuredmedia":[{"embeddable":true,"href":"https:\/\/www.soschatslibres.fr\/boutique\/wp-json\/wp\/v2\/media\/675"}],"wp:attachment":[{"href":"https:\/\/www.soschatslibres.fr\/boutique\/wp-json\/wp\/v2\/media?parent=613"}],"wp:term":[{"taxonomy":"product_brand","embeddable":true,"href":"https:\/\/www.soschatslibres.fr\/boutique\/wp-json\/wp\/v2\/product_brand?post=613"},{"taxonomy":"product_cat","embeddable":true,"href":"https:\/\/www.soschatslibres.fr\/boutique\/wp-json\/wp\/v2\/product_cat?post=613"},{"taxonomy":"product_tag","embeddable":true,"href":"https:\/\/www.soschatslibres.fr\/boutique\/wp-json\/wp\/v2\/product_tag?post=613"}],"curies":[{"name":"wp","href":"https:\/\/api.w.org\/{rel}","templated":true}]}}