{"id":799,"date":"2026-04-20T08:00:04","date_gmt":"2026-04-20T06:00:04","guid":{"rendered":"https:\/\/www.soschatslibres.fr\/boutique\/?post_type=product&#038;p=799"},"modified":"2026-04-30T09:19:20","modified_gmt":"2026-04-30T07:19:20","slug":"bon-dachat-nourriture","status":"publish","type":"product","link":"https:\/\/www.soschatslibres.fr\/boutique\/produit\/bon-dachat-nourriture\/","title":{"rendered":"Bon d&rsquo;achat pour de la nourriture &#8211; NOU 01"},"content":{"rendered":"<p>Faites une bonne action pour les chats sans famille de l\u2019association et offrez un bon d\u2019achat pour de la nourriture. En effet, plusieurs fois par semaine, voire tous les jours, plusieurs dizaines de b\u00e9n\u00e9voles distribuent parfois en cachette des croquettes \u00e0 des groupes de chats libres plac\u00e9s sous la responsabilit\u00e9 de Sos Chats Libres.<\/p>\n<p>Ces distributions organis\u00e9es et planifi\u00e9es, qui sont bien \u00e9videmment tr\u00e8s attendues par nos amis \u00e0 4 pattes, n\u00e9cessitent des quantit\u00e9s de plus en plus importantes au fil des mois. Afin d\u2019aider au financement de ces nourrissages, nous avons souhait\u00e9 cr\u00e9er cette rubrique d\u00e9di\u00e9e exclusivement au financement de la nourriture.<\/p>\n<p>Une pr\u00e9cision : 1 bon de 15 Euros nous permettra d\u2019acheter un peu plus de 6 Kg de nourriture, dont certaine beaucoup plus on\u00e9reuse, mais aussi plus app\u00e9tente et tout-\u00e0-fait appropri\u00e9e \u00e0 nos minous s\u00e9niors qui n\u2019ont pu \u00eatre adopt\u00e9s en raison de leur \u00e2ge avanc\u00e9, mais qui ont bien droit eux aussi \u00e0 une paisible retraite.<\/p>\n<p style=\"text-align: center;\">-:oOo:-<\/p>\n<p>Pour rappel, tous vos achats et vos dons participent au financement de nos actions en faveur des minous libres de notre association. Pensez \u00e0 eux, car ils ont besoin de nous, nous avons besoin de vous et c\u2019est surtout gr\u00e2ce \u00e0 vous si nous pouvons continuer \u2026<\/p>\n<p>De plus, il n\u2019est pas inutile de rappeler que l\u2019int\u00e9gralit\u00e9 des fonds issus des dons et des ventes de notre boutique est consacr\u00e9e exclusivement aux minous et rien qu\u2019aux minous\u00a0!<\/p>\n<p>Au-del\u00e0 de votre achat, vous pouvez \u00e9galement aider notre association en faisant un don (Cf rubrique : Je fais un don), car chaque geste aussi petit qu\u2019il soit permettra de contribuer au bien-\u00eatre des minous sans famille de notre association.<\/p>\n<p>De plus, 66 % de votre don sera d\u00e9ductible de vos imp\u00f4ts dans la limite de 20 % de votre revenu imposable.<\/p>\n<p>&nbsp;<\/p>\n","protected":false},"excerpt":{"rendered":"<p>Faites une bonne action pour les chats sans famille de l\u2019association et offrez un bon d\u2019achat pour de la nourriture. En effet, plusieurs fois par semaine, voire tous les jours, plusieurs dizaines de b\u00e9n\u00e9voles distribuent parfois en cachette des croquettes \u00e0 des groupes de chats libres plac\u00e9s sous la responsabilit\u00e9 de Sos Chats Libres. Ces [&hellip;]<\/p>\n","protected":false},"featured_media":3665,"comment_status":"open","ping_status":"closed","template":"","meta":[],"product_brand":[],"product_cat":[38],"product_tag":[],"class_list":{"0":"post-799","1":"product","2":"type-product","3":"status-publish","4":"has-post-thumbnail","6":"product_cat-nourriture","8":"first","9":"instock","10":"shipping-taxable","11":"purchasable","12":"product-type-simple"},"_links":{"self":[{"href":"https:\/\/www.soschatslibres.fr\/boutique\/wp-json\/wp\/v2\/product\/799","targetHints":{"allow":["GET"]}}],"collection":[{"href":"https:\/\/www.soschatslibres.fr\/boutique\/wp-json\/wp\/v2\/product"}],"about":[{"href":"https:\/\/www.soschatslibres.fr\/boutique\/wp-json\/wp\/v2\/types\/product"}],"replies":[{"embeddable":true,"href":"https:\/\/www.soschatslibres.fr\/boutique\/wp-json\/wp\/v2\/comments?post=799"}],"wp:featuredmedia":[{"embeddable":true,"href":"https:\/\/www.soschatslibres.fr\/boutique\/wp-json\/wp\/v2\/media\/3665"}],"wp:attachment":[{"href":"https:\/\/www.soschatslibres.fr\/boutique\/wp-json\/wp\/v2\/media?parent=799"}],"wp:term":[{"taxonomy":"product_brand","embeddable":true,"href":"https:\/\/www.soschatslibres.fr\/boutique\/wp-json\/wp\/v2\/product_brand?post=799"},{"taxonomy":"product_cat","embeddable":true,"href":"https:\/\/www.soschatslibres.fr\/boutique\/wp-json\/wp\/v2\/product_cat?post=799"},{"taxonomy":"product_tag","embeddable":true,"href":"https:\/\/www.soschatslibres.fr\/boutique\/wp-json\/wp\/v2\/product_tag?post=799"}],"curies":[{"name":"wp","href":"https:\/\/api.w.org\/{rel}","templated":true}]}}