{"id":889,"date":"2018-01-22T08:00:01","date_gmt":"2018-01-22T07:00:01","guid":{"rendered":"https:\/\/www.soschatslibres.fr\/boutique\/?post_type=product&#038;p=889"},"modified":"2024-04-26T14:22:59","modified_gmt":"2024-04-26T12:22:59","slug":"je-fais-un-don-de-80-euros","status":"publish","type":"product","link":"https:\/\/www.soschatslibres.fr\/boutique\/produit\/je-fais-un-don-de-80-euros\/","title":{"rendered":"Je vous aide, je fais un don de 80 Euros &#8211; D 80"},"content":{"rendered":"<p>En aidant Sos Chats Libres, 66 % de votre don sera d\u00e9ductible de vos imp\u00f4ts dans la limite de 20 % de votre revenu imposable. Ainsi, si vous faites un don de 80 Euros, 53 Euros pourront \u00eatre d\u00e9duits de vos imp\u00f4ts et avec votre re\u00e7u fiscal, votre don ne vous co\u00fbtera en finalit\u00e9 que 27 Euros.<\/p>\n<p>Merci de noter que dans le cadre de la ma\u00eetrise de nos frais de gestion, nous n&rsquo;\u00e9ditons plus de re\u00e7u fiscal provisoire en cours d&rsquo;ann\u00e9e, seul un re\u00e7u global sera envoy\u00e9 courant f\u00e9vrier, suffisamment t\u00f4t pour que vous puissiez le joindre \u00e0 votre d\u00e9claration fiscale.<\/p>\n<p>Pour rappel, tous vos achats et vos dons participent au financement de nos actions en faveur des minous libres de notre association. Pensez \u00e0 eux, car ils ont besoin de nous, nous avons besoin de vous et c\u2019est surtout gr\u00e2ce \u00e0 vous si nous pouvons continuer \u2026<\/p>\n<p>De plus, il n\u2019est pas inutile de rappeler que l\u2019int\u00e9gralit\u00e9 des fonds issus des dons et des ventes de notre boutique est consacr\u00e9e exclusivement aux minous et rien qu\u2019aux minous\u00a0!<\/p>\n","protected":false},"excerpt":{"rendered":"<p>Merci pour votre aide, car chaque geste aussi petit qu&rsquo;il soit permet de contribuer au bien \u00eatre des minous sans famille de notre association &#8230;<\/p>\n","protected":false},"featured_media":890,"comment_status":"open","ping_status":"closed","template":"","meta":[],"product_brand":[],"product_cat":[34],"product_tag":[35],"class_list":{"0":"post-889","1":"product","2":"type-product","3":"status-publish","4":"has-post-thumbnail","6":"product_cat-je-fais-un-don","7":"product_tag-don-a-sos-chats-libres","9":"first","10":"instock","11":"shipping-taxable","12":"purchasable","13":"product-type-simple"},"_links":{"self":[{"href":"https:\/\/www.soschatslibres.fr\/boutique\/wp-json\/wp\/v2\/product\/889","targetHints":{"allow":["GET"]}}],"collection":[{"href":"https:\/\/www.soschatslibres.fr\/boutique\/wp-json\/wp\/v2\/product"}],"about":[{"href":"https:\/\/www.soschatslibres.fr\/boutique\/wp-json\/wp\/v2\/types\/product"}],"replies":[{"embeddable":true,"href":"https:\/\/www.soschatslibres.fr\/boutique\/wp-json\/wp\/v2\/comments?post=889"}],"wp:featuredmedia":[{"embeddable":true,"href":"https:\/\/www.soschatslibres.fr\/boutique\/wp-json\/wp\/v2\/media\/890"}],"wp:attachment":[{"href":"https:\/\/www.soschatslibres.fr\/boutique\/wp-json\/wp\/v2\/media?parent=889"}],"wp:term":[{"taxonomy":"product_brand","embeddable":true,"href":"https:\/\/www.soschatslibres.fr\/boutique\/wp-json\/wp\/v2\/product_brand?post=889"},{"taxonomy":"product_cat","embeddable":true,"href":"https:\/\/www.soschatslibres.fr\/boutique\/wp-json\/wp\/v2\/product_cat?post=889"},{"taxonomy":"product_tag","embeddable":true,"href":"https:\/\/www.soschatslibres.fr\/boutique\/wp-json\/wp\/v2\/product_tag?post=889"}],"curies":[{"name":"wp","href":"https:\/\/api.w.org\/{rel}","templated":true}]}}